{"id":4805,"date":"2024-07-11T09:56:44","date_gmt":"2024-07-11T07:56:44","guid":{"rendered":"https:\/\/biohof-jernej.at\/?post_type=product&#038;p=4805"},"modified":"2024-07-11T10:03:33","modified_gmt":"2024-07-11T08:03:33","slug":"3er-geschenkset","status":"publish","type":"product","link":"https:\/\/biohof-jernej.at\/sl\/izdelek\/3er-geschenkset\/","title":{"rendered":"3er Geschenkset"},"content":{"rendered":"<ol>\n<li>Lavendel-Gold (Lavendelbl\u00fcten-Aufstrich)<\/li>\n<\/ol>\n<p><strong>Eine vegane Honigalternative.<\/strong><\/p>\n<p>Den Duft von Lavendel kennt jeder. Gleich denkt man dabei an wohlriechendes, lila Lavendelfeld in der Provence. Aber dieser Lavendel stammt von unserem eigenem kleinen Lavendelfeld aus dem S\u00fcden K\u00e4rntens, aus Tscherberg unter dem Katharinakogel.Der Lavendel wird in liebevoller Handarbeit gesammelt und schonend getrocknet, damit er dann zu Lavendel-Gold verarbeitet wird.Das Lavendel-Gold besticht mit seiner lila-r\u00f6tlichen Farbe und dem leicht herb-bitterem Geschmack. Beim \u00d6ffnen des Glases str\u00f6mt einem ein eindeutiger Lavendelduft entgegen.Passt gut zu Dessert, Eis, S\u00fc\u00dfspeisen.<\/p>\n<p>2. Brennnessel-Gold (Brennnessel-Aufstrich)<\/p>\n<p><strong>Eine vegane Honigalternative.<\/strong><\/p>\n<p>Im Fr\u00fchjahr gesammtelt enth\u00e4lt die Brennnessel die meiste Kraft. Sie enth\u00e4lt eine F\u00fclle an Mineralien, Vitamin C und sekund\u00e4re Pflanzenstoffe.<\/p>\n<p>Er bezaubert mit seinem aromatisch herben Geschmack und der goldenen Farbe. Der Geschmack erinnert an Waldhonig.<\/p>\n<p>3. L\u00f6wenzahn-Gold (L\u00f6wenzahnbl\u00fcten-Aufstrich)<\/p>\n<p><strong>Eine vegane Honigalternative.<\/strong><\/p>\n<p>Bereits Oma stellte den leckeren L\u00f6wenzahn-\u201eHonig\u201c her und er l\u00e4sst heute noch Kindheitserinnerungen hochleben.<\/p>\n<p>Die sonnengelben Bl\u00fcten, die Bl\u00e4tter und die Wurzeln enthalten Bitterstoffe, viele Vitamine und Mineralien. Schon Hildegard von Bingen wusste die Kr\u00e4fte des L\u00f6wenzahns zu nutzen. Dieser regt den Stoffwechsel an und reinigt den K\u00f6rper.<\/p>\n<p>Der s\u00fc\u00dfe, blumige Geschmack und die dunkle goldene Farbe \u00e4hneln dem Honig sehr. Die vegane, wohlschmeckende Alternative zu Honig kann als Brotaufstrich, zum Backen, zum Kochen, zum S\u00fc\u00dfen von M\u00fcsli oder Tee verwendet werden. Passt auch gut zu Ziegenk\u00e4se, ins Joghurt, als Salatdressing oder Marinade f\u00fcr Grillgut. Der Kreativit\u00e4t sind keine Grenzen gesetzt.<\/p>\n","protected":false},"excerpt":{"rendered":"<p>Eine vegane Honigalternative.<\/p>\n<p>Inhalt: Lavendel-Gold (Lavendelbl\u00fcten-Aufstrich)<br \/>\nMenge: 60 g<\/p>\n","protected":false},"featured_media":4801,"comment_status":"open","ping_status":"closed","template":"","meta":[],"product_brand":[],"product_cat":[69],"product_tag":[70],"class_list":{"0":"post-4805","1":"product","2":"type-product","3":"status-publish","4":"has-post-thumbnail","6":"product_cat-aufstriche","7":"product_tag-aufstrich","9":"first","10":"instock","11":"taxable","12":"shipping-taxable","13":"purchasable","14":"product-type-simple"},"_links":{"self":[{"href":"https:\/\/biohof-jernej.at\/sl\/wp-json\/wp\/v2\/product\/4805","targetHints":{"allow":["GET"]}}],"collection":[{"href":"https:\/\/biohof-jernej.at\/sl\/wp-json\/wp\/v2\/product"}],"about":[{"href":"https:\/\/biohof-jernej.at\/sl\/wp-json\/wp\/v2\/types\/product"}],"replies":[{"embeddable":true,"href":"https:\/\/biohof-jernej.at\/sl\/wp-json\/wp\/v2\/comments?post=4805"}],"wp:featuredmedia":[{"embeddable":true,"href":"https:\/\/biohof-jernej.at\/sl\/wp-json\/wp\/v2\/media\/4801"}],"wp:attachment":[{"href":"https:\/\/biohof-jernej.at\/sl\/wp-json\/wp\/v2\/media?parent=4805"}],"wp:term":[{"taxonomy":"product_brand","embeddable":true,"href":"https:\/\/biohof-jernej.at\/sl\/wp-json\/wp\/v2\/product_brand?post=4805"},{"taxonomy":"product_cat","embeddable":true,"href":"https:\/\/biohof-jernej.at\/sl\/wp-json\/wp\/v2\/product_cat?post=4805"},{"taxonomy":"product_tag","embeddable":true,"href":"https:\/\/biohof-jernej.at\/sl\/wp-json\/wp\/v2\/product_tag?post=4805"}],"curies":[{"name":"wp","href":"https:\/\/api.w.org\/{rel}","templated":true}]}}