{"id":4159,"date":"2023-03-03T10:28:06","date_gmt":"2023-03-03T09:28:06","guid":{"rendered":"https:\/\/biohof-jernej.at\/?post_type=product&#038;p=4159"},"modified":"2024-07-11T09:53:35","modified_gmt":"2024-07-11T07:53:35","slug":"lavendel-gold-gold-60-g-2","status":"publish","type":"product","link":"https:\/\/biohof-jernej.at\/sl\/izdelek\/lavendel-gold-gold-60-g-2\/","title":{"rendered":"BIO Lavendel-Gold 60 g"},"content":{"rendered":"<p>Lavendel-Gold (Lavendelbl\u00fcten-Aufstrich)<\/p>\n<p><strong>Eine vegane Honigalternative.<\/strong><\/p>\n<p>Den Duft von Lavendel kennt jeder. Gleich denkt man dabei an wohlriechendes, lila Lavendelfeld in der Provence. Aber dieser Lavendel stammt von unserem eigenem kleinen Lavendelfeld aus dem S\u00fcden K\u00e4rntens, aus Tscherberg unter dem Katharinakogel.Der Lavendel wird in liebevoller Handarbeit gesammelt und schonend getrocknet, damit er dann zu Lavendel-Gold verarbeitet wird.Das Lavendel-Gold besticht mit seiner lila-r\u00f6tlichen Farbe und dem leicht herb-bitterem Geschmack. Beim \u00d6ffnen des Glases str\u00f6mt einem ein eindeutiger Lavendelduft entgegen.Passt gut zu Dessert, Eis, S\u00fc\u00dfspeisen.<\/p>\n","protected":false},"excerpt":{"rendered":"<p>Eine vegane Honigalternative.<\/p>\n<p>Inhalt: Lavendel-Gold (Lavendelbl\u00fcten-Aufstrich)<br \/>\nMenge: 60 g<\/p>\n","protected":false},"featured_media":4797,"comment_status":"open","ping_status":"closed","template":"","meta":[],"product_brand":[],"product_cat":[69],"product_tag":[70],"class_list":{"0":"post-4159","1":"product","2":"type-product","3":"status-publish","4":"has-post-thumbnail","6":"product_cat-aufstriche","7":"product_tag-aufstrich","9":"first","10":"instock","11":"taxable","12":"shipping-taxable","13":"purchasable","14":"product-type-simple"},"_links":{"self":[{"href":"https:\/\/biohof-jernej.at\/sl\/wp-json\/wp\/v2\/product\/4159","targetHints":{"allow":["GET"]}}],"collection":[{"href":"https:\/\/biohof-jernej.at\/sl\/wp-json\/wp\/v2\/product"}],"about":[{"href":"https:\/\/biohof-jernej.at\/sl\/wp-json\/wp\/v2\/types\/product"}],"replies":[{"embeddable":true,"href":"https:\/\/biohof-jernej.at\/sl\/wp-json\/wp\/v2\/comments?post=4159"}],"wp:featuredmedia":[{"embeddable":true,"href":"https:\/\/biohof-jernej.at\/sl\/wp-json\/wp\/v2\/media\/4797"}],"wp:attachment":[{"href":"https:\/\/biohof-jernej.at\/sl\/wp-json\/wp\/v2\/media?parent=4159"}],"wp:term":[{"taxonomy":"product_brand","embeddable":true,"href":"https:\/\/biohof-jernej.at\/sl\/wp-json\/wp\/v2\/product_brand?post=4159"},{"taxonomy":"product_cat","embeddable":true,"href":"https:\/\/biohof-jernej.at\/sl\/wp-json\/wp\/v2\/product_cat?post=4159"},{"taxonomy":"product_tag","embeddable":true,"href":"https:\/\/biohof-jernej.at\/sl\/wp-json\/wp\/v2\/product_tag?post=4159"}],"curies":[{"name":"wp","href":"https:\/\/api.w.org\/{rel}","templated":true}]}}