{"id":4158,"date":"2023-03-03T10:25:28","date_gmt":"2023-03-03T09:25:28","guid":{"rendered":"https:\/\/biohof-jernej.at\/?post_type=product&#038;p=4158"},"modified":"2024-07-11T09:54:06","modified_gmt":"2024-07-11T07:54:06","slug":"bio-brennnessel-gold-60-g","status":"publish","type":"product","link":"https:\/\/biohof-jernej.at\/sl\/izdelek\/bio-brennnessel-gold-60-g\/","title":{"rendered":"BIO Brennnessel-Gold 60 g"},"content":{"rendered":"<p>Brennnessel-Gold (Brennnessel-Aufstrich)<\/p>\n<p><strong>Eine vegane Honigalternative.<\/strong><\/p>\n<p>Im Fr\u00fchjahr gesammtelt enth\u00e4lt die Brennnessel die meiste Kraft. Sie enth\u00e4lt eine F\u00fclle an Mineralien, Vitamin C und sekund\u00e4re Pflanzenstoffe.<\/p>\n<p>Er bezaubert mit seinem aromatisch herben Geschmack und der goldenen Farbe. Der Geschmack erinnert an Waldhonig.<\/p>\n","protected":false},"excerpt":{"rendered":"<p>Eine vegane Honigalternative.<br \/>\nInhalt: Brennnessel-Gold (Brennnessel-Aufstrich)<br \/>\nMenge: 60 g<\/p>\n","protected":false},"featured_media":4803,"comment_status":"open","ping_status":"closed","template":"","meta":[],"product_brand":[],"product_cat":[69],"product_tag":[70],"class_list":{"0":"post-4158","1":"product","2":"type-product","3":"status-publish","4":"has-post-thumbnail","6":"product_cat-aufstriche","7":"product_tag-aufstrich","9":"first","10":"instock","11":"taxable","12":"shipping-taxable","13":"purchasable","14":"product-type-simple"},"_links":{"self":[{"href":"https:\/\/biohof-jernej.at\/sl\/wp-json\/wp\/v2\/product\/4158","targetHints":{"allow":["GET"]}}],"collection":[{"href":"https:\/\/biohof-jernej.at\/sl\/wp-json\/wp\/v2\/product"}],"about":[{"href":"https:\/\/biohof-jernej.at\/sl\/wp-json\/wp\/v2\/types\/product"}],"replies":[{"embeddable":true,"href":"https:\/\/biohof-jernej.at\/sl\/wp-json\/wp\/v2\/comments?post=4158"}],"wp:featuredmedia":[{"embeddable":true,"href":"https:\/\/biohof-jernej.at\/sl\/wp-json\/wp\/v2\/media\/4803"}],"wp:attachment":[{"href":"https:\/\/biohof-jernej.at\/sl\/wp-json\/wp\/v2\/media?parent=4158"}],"wp:term":[{"taxonomy":"product_brand","embeddable":true,"href":"https:\/\/biohof-jernej.at\/sl\/wp-json\/wp\/v2\/product_brand?post=4158"},{"taxonomy":"product_cat","embeddable":true,"href":"https:\/\/biohof-jernej.at\/sl\/wp-json\/wp\/v2\/product_cat?post=4158"},{"taxonomy":"product_tag","embeddable":true,"href":"https:\/\/biohof-jernej.at\/sl\/wp-json\/wp\/v2\/product_tag?post=4158"}],"curies":[{"name":"wp","href":"https:\/\/api.w.org\/{rel}","templated":true}]}}