{"id":4154,"date":"2023-03-03T09:38:31","date_gmt":"2023-03-03T08:38:31","guid":{"rendered":"https:\/\/biohof-jernej.at\/?post_type=product&#038;p=4154"},"modified":"2024-07-11T09:54:55","modified_gmt":"2024-07-11T07:54:55","slug":"bio-loewenzahn-gold-60-g","status":"publish","type":"product","link":"https:\/\/biohof-jernej.at\/sl\/izdelek\/bio-loewenzahn-gold-60-g\/","title":{"rendered":"BIO L\u00f6wenzahn-Gold 60 g"},"content":{"rendered":"<div class=\"fusion-title title fusion-title-1 fusion-title-text fusion-title-size-three\">\n<div class=\"fusion-title title fusion-title-8 fusion-title-text fusion-title-size-two\">\n<p class=\"title-heading-left fusion-responsive-typography-calculated\">(L\u00f6wenzahnbl\u00fcten-Aufstrich)<\/p>\n<\/div>\n<div class=\"title-sep-container title-sep-container-right\">\n<div class=\"title-sep sep- sep-solid\"><\/div>\n<\/div>\n<\/div>\n<div class=\"fusion-title title fusion-title-2 fusion-title-text fusion-title-size-three\">\n<h3 class=\"title-heading-left fusion-responsive-typography-calculated\">Eine vegane Honigalternative.<\/h3>\n<div class=\"title-sep-container title-sep-container-right\">\n<div class=\"title-sep sep- sep-solid\"><\/div>\n<\/div>\n<\/div>\n<div class=\"fusion-text fusion-text-1\">\n<p>Bereits Oma stellte den leckeren L\u00f6wenzahn-\u201eHonig\u201c her und er l\u00e4sst heute noch Kindheitserinnerungen hochleben.<\/p>\n<p>Die sonnengelben Bl\u00fcten, die Bl\u00e4tter und die Wurzeln enthalten Bitterstoffe, viele Vitamine und Mineralien. Schon Hildegard von Bingen wusste die Kr\u00e4fte des L\u00f6wenzahns zu nutzen. Dieser regt den Stoffwechsel an und reinigt den K\u00f6rper.<\/p>\n<p>Der s\u00fc\u00dfe, blumige Geschmack und die dunkle goldene Farbe \u00e4hneln dem Honig sehr. Die vegane, wohlschmeckende Alternative zu Honig kann als Brotaufstrich, zum Backen, zum Kochen, zum S\u00fc\u00dfen von M\u00fcsli oder Tee verwendet werden. Passt auch gut zu Ziegenk\u00e4se, ins Joghurt, als Salatdressing oder Marinade f\u00fcr Grillgut. Der Kreativit\u00e4t sind keine Grenzen gesetzt.<\/p>\n<\/div>\n","protected":false},"excerpt":{"rendered":"<h3 class=\"title-heading-left fusion-responsive-typography-calculated\">Eine vegane Honigalternative.<\/h3>\n<p>Inhalt: BIO L\u00f6wenzahn-Gold (L\u00f6wenzahnbl\u00fcten-Aufstrich)<br \/>\nMenge: 60 g<\/p>\n","protected":false},"featured_media":4799,"comment_status":"open","ping_status":"closed","template":"","meta":[],"product_brand":[],"product_cat":[69],"product_tag":[70],"class_list":{"0":"post-4154","1":"product","2":"type-product","3":"status-publish","4":"has-post-thumbnail","6":"product_cat-aufstriche","7":"product_tag-aufstrich","9":"first","10":"instock","11":"taxable","12":"shipping-taxable","13":"purchasable","14":"product-type-simple"},"_links":{"self":[{"href":"https:\/\/biohof-jernej.at\/sl\/wp-json\/wp\/v2\/product\/4154","targetHints":{"allow":["GET"]}}],"collection":[{"href":"https:\/\/biohof-jernej.at\/sl\/wp-json\/wp\/v2\/product"}],"about":[{"href":"https:\/\/biohof-jernej.at\/sl\/wp-json\/wp\/v2\/types\/product"}],"replies":[{"embeddable":true,"href":"https:\/\/biohof-jernej.at\/sl\/wp-json\/wp\/v2\/comments?post=4154"}],"wp:featuredmedia":[{"embeddable":true,"href":"https:\/\/biohof-jernej.at\/sl\/wp-json\/wp\/v2\/media\/4799"}],"wp:attachment":[{"href":"https:\/\/biohof-jernej.at\/sl\/wp-json\/wp\/v2\/media?parent=4154"}],"wp:term":[{"taxonomy":"product_brand","embeddable":true,"href":"https:\/\/biohof-jernej.at\/sl\/wp-json\/wp\/v2\/product_brand?post=4154"},{"taxonomy":"product_cat","embeddable":true,"href":"https:\/\/biohof-jernej.at\/sl\/wp-json\/wp\/v2\/product_cat?post=4154"},{"taxonomy":"product_tag","embeddable":true,"href":"https:\/\/biohof-jernej.at\/sl\/wp-json\/wp\/v2\/product_tag?post=4154"}],"curies":[{"name":"wp","href":"https:\/\/api.w.org\/{rel}","templated":true}]}}