{"id":4090,"date":"2023-02-20T08:58:15","date_gmt":"2023-02-20T07:58:15","guid":{"rendered":"https:\/\/biohof-jernej.at\/?post_type=product&#038;p=4090"},"modified":"2023-03-09T21:21:34","modified_gmt":"2023-03-09T20:21:34","slug":"pipillets-15-kg","status":"publish","type":"product","link":"https:\/\/biohof-jernej.at\/sl\/izdelek\/pipillets-15-kg\/","title":{"rendered":"Pipillets 1,5 kg"},"content":{"rendered":"<div class=\"fusion-title title fusion-title-2 fusion-title-text fusion-title-size-three\">\n<h3 class=\"title-heading-left fusion-responsive-typography-calculated\">Pipillets sind pelletierter H\u00fchnerkot aus eigener Bio-H\u00fchnermast<\/h3>\n<div class=\"title-sep-container title-sep-container-right\">\n<div class=\"title-sep sep- sep-solid\"><\/div>\n<\/div>\n<\/div>\n<div class=\"fusion-text fusion-text-1\">\n<p>Sie werden zum D\u00fcngen von Gem\u00fcse, Obst, Weintrauben, Blumen, Rosen, Str\u00e4ucher, Rasen usw. angewendet.<\/p>\n<p>Es gibt immer mehr Hobbyg\u00e4rtner\/innen aber leider immer weniger heimischen Mist vom Bauern. H\u00fchnermist war immer schon der beliebteste und beste D\u00fcnger f\u00fcr den Garten. Daher sind wir diesem Trend gefolgt und produzieren aus Mist der aus der eigenen Bio-H\u00fchnermast anf\u00e4llt, Bio-D\u00fcnger in pelletierter Form. Wir nennen ihn\u00a0<strong>\u201ePIPILLETS\u201c<\/strong><\/p>\n<p>So ist er leichter zum Anwenden und Dosieren und fast geruchsneutral. Durch das Pelletieren wird der Mist auf \u00fcber 80\u00b0C erhitzt und ist somit keimfrei.<\/p>\n<\/div>\n","protected":false},"excerpt":{"rendered":"<p><strong>Pipillets 1,5 kg sorgt f\u00fcr:<\/strong><\/p>\n<ul>\n<li>Kr\u00e4ftigen Wuchs und ertragreiche Ernte<\/li>\n<li>Gesunde Pflanzen und aromatisches Gem\u00fcse<\/li>\n<li>Mehr Widerstandskraft der Pflanzen<\/li>\n<li>Bodenverbesserung<\/li>\n<li>Humusaufbau<\/li>\n<li>Ern\u00e4hrung der Bodenlebewesen<\/li>\n<\/ul>\n","protected":false},"featured_media":4100,"comment_status":"open","ping_status":"closed","template":"","meta":[],"product_brand":[],"product_cat":[68],"product_tag":[74],"class_list":{"0":"post-4090","1":"product","2":"type-product","3":"status-publish","4":"has-post-thumbnail","6":"product_cat-pipillets","7":"product_tag-pipillets","9":"first","10":"instock","11":"taxable","12":"shipping-taxable","13":"purchasable","14":"product-type-simple"},"_links":{"self":[{"href":"https:\/\/biohof-jernej.at\/sl\/wp-json\/wp\/v2\/product\/4090","targetHints":{"allow":["GET"]}}],"collection":[{"href":"https:\/\/biohof-jernej.at\/sl\/wp-json\/wp\/v2\/product"}],"about":[{"href":"https:\/\/biohof-jernej.at\/sl\/wp-json\/wp\/v2\/types\/product"}],"replies":[{"embeddable":true,"href":"https:\/\/biohof-jernej.at\/sl\/wp-json\/wp\/v2\/comments?post=4090"}],"wp:featuredmedia":[{"embeddable":true,"href":"https:\/\/biohof-jernej.at\/sl\/wp-json\/wp\/v2\/media\/4100"}],"wp:attachment":[{"href":"https:\/\/biohof-jernej.at\/sl\/wp-json\/wp\/v2\/media?parent=4090"}],"wp:term":[{"taxonomy":"product_brand","embeddable":true,"href":"https:\/\/biohof-jernej.at\/sl\/wp-json\/wp\/v2\/product_brand?post=4090"},{"taxonomy":"product_cat","embeddable":true,"href":"https:\/\/biohof-jernej.at\/sl\/wp-json\/wp\/v2\/product_cat?post=4090"},{"taxonomy":"product_tag","embeddable":true,"href":"https:\/\/biohof-jernej.at\/sl\/wp-json\/wp\/v2\/product_tag?post=4090"}],"curies":[{"name":"wp","href":"https:\/\/api.w.org\/{rel}","templated":true}]}}