{"id":4251,"date":"2023-03-03T20:23:27","date_gmt":"2023-03-03T19:23:27","guid":{"rendered":"https:\/\/biohof-jernej.at\/?page_id=4251"},"modified":"2023-03-07T13:00:57","modified_gmt":"2023-03-07T12:00:57","slug":"kontakt","status":"publish","type":"page","link":"https:\/\/biohof-jernej.at\/sl\/kontakt\/","title":{"rendered":"Kontakt"},"content":{"rendered":"<div class=\"fusion-fullwidth fullwidth-box fusion-builder-row-1 fusion-flex-container hundred-percent-fullwidth non-hundred-percent-height-scrolling\" style=\"--awb-background-position:left top;--awb-border-sizes-top:0px;--awb-border-sizes-bottom:0px;--awb-border-sizes-left:0px;--awb-border-sizes-right:0px;--awb-border-radius-top-left:0px;--awb-border-radius-top-right:0px;--awb-border-radius-bottom-right:0px;--awb-border-radius-bottom-left:0px;--awb-padding-top:0px;--awb-padding-right:0px;--awb-padding-bottom:0px;--awb-padding-left:0px;--awb-flex-wrap:wrap;\" ><div class=\"fusion-builder-row fusion-row fusion-flex-align-items-stretch fusion-flex-content-wrap\" style=\"width:calc( 100% + 0px ) !important;max-width:calc( 100% + 0px ) !important;margin-left: calc(-0px \/ 2 );margin-right: calc(-0px \/ 2 );\"><div class=\"fusion-layout-column fusion_builder_column fusion-builder-column-0 fusion_builder_column_1_2 1_2 fusion-flex-column fusion-flex-align-self-center\" style=\"--awb-padding-top:17%;--awb-padding-right:17%;--awb-padding-bottom:17%;--awb-padding-left:17%;--awb-bg-size:cover;--awb-width-large:50%;--awb-margin-top-large:0px;--awb-spacing-right-large:0px;--awb-margin-bottom-large:0px;--awb-spacing-left-large:0px;--awb-width-medium:100%;--awb-order-medium:0;--awb-spacing-right-medium:0px;--awb-spacing-left-medium:0px;--awb-width-small:100%;--awb-order-small:1;--awb-spacing-right-small:0px;--awb-spacing-left-small:0px;\"><div class=\"fusion-column-wrapper fusion-column-has-shadow fusion-flex-justify-content-center fusion-content-layout-column\"><div class=\"fusion-form fusion-form-builder fusion-form-form-wrapper fusion-form-240\" style=\"--awb-tooltip-text-color:#ffffff;--awb-tooltip-background-color:#333333;\" data-form-id=\"240\" data-config=\"{&quot;form_id&quot;:240,&quot;form_post_id&quot;:240,&quot;post_id&quot;:4251,&quot;form_type&quot;:&quot;ajax&quot;,&quot;confirmation_type&quot;:&quot;message&quot;,&quot;redirect_url&quot;:&quot;&quot;,&quot;field_labels&quot;:{&quot;your_name&quot;:&quot;Ime &quot;,&quot;your_email&quot;:&quot;Email:&quot;,&quot;subject&quot;:&quot;Naslov:&quot;,&quot;your_message&quot;:&quot;Sporo\\u010dilo:&quot;},&quot;field_logics&quot;:{&quot;your_name&quot;:&quot;&quot;,&quot;your_email&quot;:&quot;&quot;,&quot;subject&quot;:&quot;&quot;,&quot;your_message&quot;:&quot;&quot;,&quot;notice_1&quot;:&quot;&quot;},&quot;field_types&quot;:{&quot;your_name&quot;:&quot;text&quot;,&quot;your_email&quot;:&quot;email&quot;,&quot;subject&quot;:&quot;text&quot;,&quot;your_message&quot;:&quot;textarea&quot;,&quot;submit_1&quot;:&quot;submit&quot;,&quot;notice_1&quot;:&quot;notice&quot;},&quot;nonce_method&quot;:&quot;ajax&quot;}\"><form action=\"https:\/\/biohof-jernej.at\/sl\/kontakt\/\" method=\"post\" class=\"fusion-form fusion-form-240\"><div class=\"fusion-fullwidth fullwidth-box fusion-builder-row-1-1 fusion-flex-container nonhundred-percent-fullwidth non-hundred-percent-height-scrolling\" style=\"--awb-border-radius-top-left:0px;--awb-border-radius-top-right:0px;--awb-border-radius-bottom-right:0px;--awb-border-radius-bottom-left:0px;--awb-padding-right:0px;--awb-padding-left:0px;--awb-flex-wrap:wrap;\" ><div class=\"fusion-builder-row fusion-row fusion-flex-align-items-flex-start fusion-flex-content-wrap\" style=\"width:104% !important;max-width:104% !important;margin-left: calc(-4% \/ 2 );margin-right: calc(-4% \/ 2 );\"><div class=\"fusion-layout-column fusion_builder_column fusion-builder-column-1 fusion_builder_column_1_1 1_1 fusion-flex-column\" style=\"--awb-bg-size:cover;--awb-width-large:100%;--awb-margin-top-large:0px;--awb-spacing-right-large:1.92%;--awb-margin-bottom-large:20px;--awb-spacing-left-large:1.92%;--awb-width-medium:100%;--awb-order-medium:0;--awb-spacing-right-medium:1.92%;--awb-spacing-left-medium:1.92%;--awb-width-small:100%;--awb-order-small:0;--awb-spacing-right-small:1.92%;--awb-spacing-left-small:1.92%;\"><div class=\"fusion-column-wrapper fusion-column-has-shadow fusion-flex-justify-content-flex-start fusion-content-layout-column\"><div class=\"fusion-form-field fusion-form-text-field fusion-form-label-above\" style=\"\" data-form-id=\"240\"><div class=\"fusion-form-label-wrapper\"><label for=\"your_name\">Ime <\/label><\/div><input type=\"text\" name=\"your_name\" id=\"your_name\" value=\"\"  class=\"fusion-form-input\" data-holds-private-data=\"false\" minlength=\"0\"\/><\/div><div class=\"fusion-form-field fusion-form-email-field fusion-form-label-above\" style=\"\" data-form-id=\"240\"><div class=\"fusion-form-label-wrapper\"><label for=\"your_email\">Email:<\/label><\/div><input type=\"email\" name=\"your_email\" id=\"your_email\" value=\"\"  class=\"fusion-form-input\" data-holds-private-data=\"false\"\/><\/div><div class=\"fusion-form-field fusion-form-text-field fusion-form-label-above\" style=\"\" data-form-id=\"240\"><div class=\"fusion-form-label-wrapper\"><label for=\"subject\">Naslov:<\/label><\/div><input type=\"text\" name=\"subject\" id=\"subject\" value=\"\"  class=\"fusion-form-input\" data-holds-private-data=\"false\" minlength=\"0\"\/><\/div><div class=\"fusion-form-field fusion-form-textarea-field fusion-form-label-above\" style=\"\" data-form-id=\"240\"><label for=\"your_message\">Sporo\u010dilo:<\/label><textarea cols=\"40\"  minlength=\"0\"  rows=\"4\" tabindex=\"\" id=\"your_message\" name=\"your_message\" class=\"fusion-form-input\" data-holds-private-data=\"false\"><\/textarea><\/div><div class=\"fusion-form-field fusion-form-submit-field fusion-form-label-above\" style=\"\" data-form-id=\"240\"><div class=\"md-text-align-center sm-text-align-center\"><button type=\"submit\" class=\"fusion-button button-flat fusion-button-default-size button-default fusion-button-default button-1 fusion-button-default-span  form-form-submit button-default\" data-form-number=\"240\" tabindex=\"\"><span class=\"fusion-button-text\">Po\u0161lji<\/span><\/button><\/div><\/div><div class=\"form-submission-notices data-notice_1\" id=\"fusion-notices-1\"><div class=\"fusion-alert alert success alert-success fusion-alert-center fusion-form-response fusion-form-response-success awb-alert-native-link-color alert-dismissable awb-alert-close-boxed\" style=\"--awb-margin-top:30px;\" role=\"alert\"><div class=\"fusion-alert-content-wrapper\"><span class=\"alert-icon\"><i class=\"awb-icon-check-circle\" aria-hidden=\"true\"><\/i><\/span><span class=\"fusion-alert-content\">Hvala, va\u0161e sporo\u010dilo je bilo dostavljeno. Odgovoril bom v najkraj\u0161em mo\u017enem \u010dasu.<\/span><\/div><button type=\"button\" class=\"close toggle-alert\" data-dismiss=\"alert\" aria-label=\"Close\">&times;<\/button><\/div><div class=\"fusion-alert alert error alert-danger fusion-alert-center fusion-form-response fusion-form-response-error awb-alert-native-link-color alert-dismissable awb-alert-close-boxed\" style=\"--awb-margin-top:30px;\" role=\"alert\"><div class=\"fusion-alert-content-wrapper\"><span class=\"alert-icon\"><i class=\"awb-icon-exclamation-triangle\" aria-hidden=\"true\"><\/i><\/span><span class=\"fusion-alert-content\">There was an error trying to send your message. Please try again later.<\/span><\/div><button type=\"button\" class=\"close toggle-alert\" data-dismiss=\"alert\" aria-label=\"Close\">&times;<\/button><\/div><\/div><\/div><\/div><\/div><\/div><\/form><\/div><\/div><\/div><div class=\"fusion-layout-column fusion_builder_column fusion-builder-column-2 fusion_builder_column_1_2 1_2 fusion-flex-column fusion-flex-align-self-center\" style=\"--awb-padding-top:17%;--awb-padding-right:17%;--awb-padding-bottom:17%;--awb-padding-left:17%;--awb-bg-size:cover;--awb-width-large:50%;--awb-margin-top-large:0px;--awb-spacing-right-large:0px;--awb-margin-bottom-large:0px;--awb-spacing-left-large:0px;--awb-width-medium:100%;--awb-order-medium:0;--awb-spacing-right-medium:0px;--awb-spacing-left-medium:0px;--awb-width-small:100%;--awb-order-small:1;--awb-spacing-right-small:0px;--awb-spacing-left-small:0px;\"><div class=\"fusion-column-wrapper fusion-column-has-shadow fusion-flex-justify-content-center fusion-content-layout-column\"><div class=\"fusion-title title fusion-title-1 fusion-title-text fusion-title-size-six\" style=\"--awb-text-color:#a0ce4e;--awb-margin-bottom:15px;\"><div class=\"title-sep-container title-sep-container-left fusion-no-large-visibility fusion-no-medium-visibility fusion-no-small-visibility\"><div class=\"title-sep sep- sep-solid\" style=\"border-color:#e2e2e2;\"><\/div><\/div><span class=\"awb-title-spacer fusion-no-large-visibility fusion-no-medium-visibility fusion-no-small-visibility\"><\/span><h6 class=\"fusion-title-heading title-heading-left fusion-responsive-typography-calculated\" style=\"margin:0;--fontSize:18;--minFontSize:18;line-height:var(--awb-typography2-line-height);\"><p>NA\u0160 HOF, NA\u0160I PRODUKTI<b><br \/>\n<\/b><\/p><\/h6><span class=\"awb-title-spacer\"><\/span><div class=\"title-sep-container title-sep-container-right\"><div class=\"title-sep sep- sep-solid\" style=\"border-color:#e2e2e2;\"><\/div><\/div><\/div><div class=\"fusion-title title fusion-title-2 fusion-title-text fusion-title-size-two\"><div class=\"title-sep-container title-sep-container-left fusion-no-large-visibility fusion-no-medium-visibility fusion-no-small-visibility\"><div class=\"title-sep sep- sep-solid\" style=\"border-color:#e2e2e2;\"><\/div><\/div><span class=\"awb-title-spacer fusion-no-large-visibility fusion-no-medium-visibility fusion-no-small-visibility\"><\/span><h2 class=\"fusion-title-heading title-heading-left fusion-responsive-typography-calculated\" style=\"margin:0;--fontSize:48;line-height:1.2;\">Doma pridelano, doma vzgojeno.<\/h2><span class=\"awb-title-spacer\"><\/span><div class=\"title-sep-container title-sep-container-right\"><div class=\"title-sep sep- sep-solid\" style=\"border-color:#e2e2e2;\"><\/div><\/div><\/div><div class=\"fusion-text fusion-text-1\"><h4 class=\"fusion-responsive-typography-calculated\" data-fontsize=\"18\" data-lineheight=\"33.66px\">Biohof Jernej<\/h4>\n<p>Martin Jernej<\/p>\n<p>Tscherberg 10<br \/>\n9143 Feistritz ob Bleiburg<br \/>\nAustria<\/p>\n<p>Mobile:\u00a0<a href=\"http:\/\/+43%20664%204128342\/\">+43 664 4128342<\/a><br \/>\nEmail:\u00a0<a href=\"mailto:martin.jernej16@gmail.com\">martin.jernej16@gmail.com<\/a><\/p>\n<\/div><\/div><\/div><\/div><\/div>\n","protected":false},"excerpt":{"rendered":"","protected":false},"author":8,"featured_media":0,"parent":0,"menu_order":0,"comment_status":"closed","ping_status":"closed","template":"","meta":{"footnotes":""},"class_list":["post-4251","page","type-page","status-publish","hentry"],"_links":{"self":[{"href":"https:\/\/biohof-jernej.at\/sl\/wp-json\/wp\/v2\/pages\/4251","targetHints":{"allow":["GET"]}}],"collection":[{"href":"https:\/\/biohof-jernej.at\/sl\/wp-json\/wp\/v2\/pages"}],"about":[{"href":"https:\/\/biohof-jernej.at\/sl\/wp-json\/wp\/v2\/types\/page"}],"author":[{"embeddable":true,"href":"https:\/\/biohof-jernej.at\/sl\/wp-json\/wp\/v2\/users\/8"}],"replies":[{"embeddable":true,"href":"https:\/\/biohof-jernej.at\/sl\/wp-json\/wp\/v2\/comments?post=4251"}],"version-history":[{"count":10,"href":"https:\/\/biohof-jernej.at\/sl\/wp-json\/wp\/v2\/pages\/4251\/revisions"}],"predecessor-version":[{"id":4389,"href":"https:\/\/biohof-jernej.at\/sl\/wp-json\/wp\/v2\/pages\/4251\/revisions\/4389"}],"wp:attachment":[{"href":"https:\/\/biohof-jernej.at\/sl\/wp-json\/wp\/v2\/media?parent=4251"}],"curies":[{"name":"wp","href":"https:\/\/api.w.org\/{rel}","templated":true}]}}